{"id":74,"date":"2024-01-16T11:42:48","date_gmt":"2024-01-16T11:42:48","guid":{"rendered":"https:\/\/trinxidoiro.org\/?page_id=74"},"modified":"2024-01-16T11:42:49","modified_gmt":"2024-01-16T11:42:49","slug":"contactanos","status":"publish","type":"page","link":"https:\/\/trinxidoiro.org\/index.php\/contactanos\/","title":{"rendered":"Cont\u00e1ctanos"},"content":{"rendered":"","protected":false},"excerpt":{"rendered":"","protected":false},"author":1,"featured_media":0,"parent":0,"menu_order":0,"comment_status":"closed","ping_status":"closed","template":"","meta":{"footnotes":""},"class_list":["post-74","page","type-page","status-publish","hentry"],"yoast_head":"<!-- This site is optimized with the Yoast SEO plugin v22.5 - https:\/\/yoast.com\/wordpress\/plugins\/seo\/ -->\n<title>Cont\u00e1ctanos - Asociaci\u00f3n de Veci\u00f1os Trinxidoiro<\/title>\n<meta name=\"robots\" content=\"index, follow, max-snippet:-1, max-image-preview:large, max-video-preview:-1\" \/>\n<link rel=\"canonical\" href=\"https:\/\/trinxidoiro.org\/index.php\/contactanos\/\" \/>\n<meta property=\"og:locale\" content=\"gl_ES\" \/>\n<meta property=\"og:type\" content=\"article\" \/>\n<meta property=\"og:title\" content=\"Cont\u00e1ctanos - Asociaci\u00f3n de Veci\u00f1os Trinxidoiro\" \/>\n<meta property=\"og:url\" content=\"https:\/\/trinxidoiro.org\/index.php\/contactanos\/\" \/>\n<meta property=\"og:site_name\" content=\"Asociaci\u00f3n de Veci\u00f1os Trinxidoiro\" \/>\n<meta property=\"article:publisher\" content=\"https:\/\/www.facebook.com\/trinxidoiro\" \/>\n<meta property=\"article:modified_time\" content=\"2024-01-16T11:42:49+00:00\" \/>\n<meta name=\"twitter:card\" content=\"summary_large_image\" \/>\n<script type=\"application\/ld+json\" class=\"yoast-schema-graph\">{\"@context\":\"https:\/\/schema.org\",\"@graph\":[{\"@type\":\"WebPage\",\"@id\":\"https:\/\/trinxidoiro.org\/index.php\/contactanos\/\",\"url\":\"https:\/\/trinxidoiro.org\/index.php\/contactanos\/\",\"name\":\"Cont\u00e1ctanos - Asociaci\u00f3n de Veci\u00f1os Trinxidoiro\",\"isPartOf\":{\"@id\":\"https:\/\/trinxidoiro.org\/#website\"},\"datePublished\":\"2024-01-16T11:42:48+00:00\",\"dateModified\":\"2024-01-16T11:42:49+00:00\",\"breadcrumb\":{\"@id\":\"https:\/\/trinxidoiro.org\/index.php\/contactanos\/#breadcrumb\"},\"inLanguage\":\"gl-ES\",\"potentialAction\":[{\"@type\":\"ReadAction\",\"target\":[\"https:\/\/trinxidoiro.org\/index.php\/contactanos\/\"]}]},{\"@type\":\"BreadcrumbList\",\"@id\":\"https:\/\/trinxidoiro.org\/index.php\/contactanos\/#breadcrumb\",\"itemListElement\":[{\"@type\":\"ListItem\",\"position\":1,\"name\":\"Portada\",\"item\":\"https:\/\/trinxidoiro.org\/\"},{\"@type\":\"ListItem\",\"position\":2,\"name\":\"Cont\u00e1ctanos\"}]},{\"@type\":\"WebSite\",\"@id\":\"https:\/\/trinxidoiro.org\/#website\",\"url\":\"https:\/\/trinxidoiro.org\/\",\"name\":\"Asociaci\u00f3n de Veci\u00f1os Trinxidoiro\",\"description\":\"\",\"publisher\":{\"@id\":\"https:\/\/trinxidoiro.org\/#organization\"},\"potentialAction\":[{\"@type\":\"SearchAction\",\"target\":{\"@type\":\"EntryPoint\",\"urlTemplate\":\"https:\/\/trinxidoiro.org\/?s={search_term_string}\"},\"query-input\":\"required name=search_term_string\"}],\"inLanguage\":\"gl-ES\"},{\"@type\":\"Organization\",\"@id\":\"https:\/\/trinxidoiro.org\/#organization\",\"name\":\"Asociaci\u00f3n de Veci\u00f1os Trinxidoiro\",\"url\":\"https:\/\/trinxidoiro.org\/\",\"logo\":{\"@type\":\"ImageObject\",\"inLanguage\":\"gl-ES\",\"@id\":\"https:\/\/trinxidoiro.org\/#\/schema\/logo\/image\/\",\"url\":\"https:\/\/trinxidoiro.org\/wp-content\/uploads\/2024\/01\/logo.png\",\"contentUrl\":\"https:\/\/trinxidoiro.org\/wp-content\/uploads\/2024\/01\/logo.png\",\"width\":1000,\"height\":1016,\"caption\":\"Asociaci\u00f3n de Veci\u00f1os Trinxidoiro\"},\"image\":{\"@id\":\"https:\/\/trinxidoiro.org\/#\/schema\/logo\/image\/\"},\"sameAs\":[\"https:\/\/www.facebook.com\/trinxidoiro\"]}]}<\/script>\n<!-- \/ Yoast SEO plugin. -->","yoast_head_json":{"title":"Cont\u00e1ctanos - Asociaci\u00f3n de Veci\u00f1os Trinxidoiro","robots":{"index":"index","follow":"follow","max-snippet":"max-snippet:-1","max-image-preview":"max-image-preview:large","max-video-preview":"max-video-preview:-1"},"canonical":"https:\/\/trinxidoiro.org\/index.php\/contactanos\/","og_locale":"gl_ES","og_type":"article","og_title":"Cont\u00e1ctanos - Asociaci\u00f3n de Veci\u00f1os Trinxidoiro","og_url":"https:\/\/trinxidoiro.org\/index.php\/contactanos\/","og_site_name":"Asociaci\u00f3n de Veci\u00f1os Trinxidoiro","article_publisher":"https:\/\/www.facebook.com\/trinxidoiro","article_modified_time":"2024-01-16T11:42:49+00:00","twitter_card":"summary_large_image","schema":{"@context":"https:\/\/schema.org","@graph":[{"@type":"WebPage","@id":"https:\/\/trinxidoiro.org\/index.php\/contactanos\/","url":"https:\/\/trinxidoiro.org\/index.php\/contactanos\/","name":"Cont\u00e1ctanos - Asociaci\u00f3n de Veci\u00f1os Trinxidoiro","isPartOf":{"@id":"https:\/\/trinxidoiro.org\/#website"},"datePublished":"2024-01-16T11:42:48+00:00","dateModified":"2024-01-16T11:42:49+00:00","breadcrumb":{"@id":"https:\/\/trinxidoiro.org\/index.php\/contactanos\/#breadcrumb"},"inLanguage":"gl-ES","potentialAction":[{"@type":"ReadAction","target":["https:\/\/trinxidoiro.org\/index.php\/contactanos\/"]}]},{"@type":"BreadcrumbList","@id":"https:\/\/trinxidoiro.org\/index.php\/contactanos\/#breadcrumb","itemListElement":[{"@type":"ListItem","position":1,"name":"Portada","item":"https:\/\/trinxidoiro.org\/"},{"@type":"ListItem","position":2,"name":"Cont\u00e1ctanos"}]},{"@type":"WebSite","@id":"https:\/\/trinxidoiro.org\/#website","url":"https:\/\/trinxidoiro.org\/","name":"Asociaci\u00f3n de Veci\u00f1os Trinxidoiro","description":"","publisher":{"@id":"https:\/\/trinxidoiro.org\/#organization"},"potentialAction":[{"@type":"SearchAction","target":{"@type":"EntryPoint","urlTemplate":"https:\/\/trinxidoiro.org\/?s={search_term_string}"},"query-input":"required name=search_term_string"}],"inLanguage":"gl-ES"},{"@type":"Organization","@id":"https:\/\/trinxidoiro.org\/#organization","name":"Asociaci\u00f3n de Veci\u00f1os Trinxidoiro","url":"https:\/\/trinxidoiro.org\/","logo":{"@type":"ImageObject","inLanguage":"gl-ES","@id":"https:\/\/trinxidoiro.org\/#\/schema\/logo\/image\/","url":"https:\/\/trinxidoiro.org\/wp-content\/uploads\/2024\/01\/logo.png","contentUrl":"https:\/\/trinxidoiro.org\/wp-content\/uploads\/2024\/01\/logo.png","width":1000,"height":1016,"caption":"Asociaci\u00f3n de Veci\u00f1os Trinxidoiro"},"image":{"@id":"https:\/\/trinxidoiro.org\/#\/schema\/logo\/image\/"},"sameAs":["https:\/\/www.facebook.com\/trinxidoiro"]}]}},"jetpack_sharing_enabled":true,"_links":{"self":[{"href":"https:\/\/trinxidoiro.org\/index.php\/wp-json\/wp\/v2\/pages\/74","targetHints":{"allow":["GET"]}}],"collection":[{"href":"https:\/\/trinxidoiro.org\/index.php\/wp-json\/wp\/v2\/pages"}],"about":[{"href":"https:\/\/trinxidoiro.org\/index.php\/wp-json\/wp\/v2\/types\/page"}],"author":[{"embeddable":true,"href":"https:\/\/trinxidoiro.org\/index.php\/wp-json\/wp\/v2\/users\/1"}],"replies":[{"embeddable":true,"href":"https:\/\/trinxidoiro.org\/index.php\/wp-json\/wp\/v2\/comments?post=74"}],"version-history":[{"count":1,"href":"https:\/\/trinxidoiro.org\/index.php\/wp-json\/wp\/v2\/pages\/74\/revisions"}],"predecessor-version":[{"id":75,"href":"https:\/\/trinxidoiro.org\/index.php\/wp-json\/wp\/v2\/pages\/74\/revisions\/75"}],"wp:attachment":[{"href":"https:\/\/trinxidoiro.org\/index.php\/wp-json\/wp\/v2\/media?parent=74"}],"curies":[{"name":"wp","href":"https:\/\/api.w.org\/{rel}","templated":true}]}}